{"id":122,"date":"2026-03-17T09:37:44","date_gmt":"2026-03-17T09:37:44","guid":{"rendered":"https:\/\/sandberg.dev-emvau.de\/?page_id=122"},"modified":"2026-03-20T13:56:25","modified_gmt":"2026-03-20T13:56:25","slug":"datenschutzerklaerung","status":"publish","type":"page","link":"https:\/\/sandberg.dev-emvau.de\/?page_id=122","title":{"rendered":"Datenschutzerkl\u00e4rung"},"content":{"rendered":"\t\t<div data-elementor-type=\"wp-page\" data-elementor-id=\"122\" class=\"elementor elementor-122\" data-elementor-post-type=\"page\">\n\t\t\t\t<section class=\"elementor-element elementor-element-4db666b4 e-con-full e-flex e-con e-parent\" data-id=\"4db666b4\" data-element_type=\"container\" data-e-type=\"container\" data-settings=\"{&quot;background_background&quot;:&quot;classic&quot;}\">\n\t\t<div class=\"elementor-element elementor-element-afbdef3 e-con-full e-flex e-con e-child\" data-id=\"afbdef3\" data-element_type=\"container\" data-e-type=\"container\">\n\t\t<div class=\"elementor-element elementor-element-ee9476f e-con-full e-flex e-con e-child\" data-id=\"ee9476f\" data-element_type=\"container\" data-e-type=\"container\">\n\t\t\t\t<div class=\"elementor-element elementor-element-2d176411 elementor-widget elementor-widget-heading\" data-id=\"2d176411\" data-element_type=\"widget\" data-e-type=\"widget\" data-widget_type=\"heading.default\">\n\t\t\t\t\t<h1 class=\"elementor-heading-title elementor-size-default\">Datenschutzerkl\u00e4rung<\/h1>\t\t\t\t<\/div>\n\t\t\t\t<\/div>\n\t\t\t\t<\/div>\n\t\t\t\t<\/section>\n\t\t<div class=\"elementor-element elementor-element-11c02ece e-flex e-con-boxed e-con e-parent\" data-id=\"11c02ece\" data-element_type=\"container\" data-e-type=\"container\">\n\t\t\t\t\t<div class=\"e-con-inner\">\n\t\t\t\t<div class=\"elementor-element elementor-element-5b7a8c86 elementor-widget elementor-widget-spacer\" data-id=\"5b7a8c86\" data-element_type=\"widget\" data-e-type=\"widget\" data-widget_type=\"spacer.default\">\n\t\t\t\t\t\t\t<div class=\"elementor-spacer\">\n\t\t\t<div class=\"elementor-spacer-inner\"><\/div>\n\t\t<\/div>\n\t\t\t\t\t\t<\/div>\n\t\t\t\t\t<\/div>\n\t\t\t\t<\/div>\n\t\t<div class=\"elementor-element elementor-element-70d8a951 e-flex e-con-boxed e-con e-parent\" data-id=\"70d8a951\" data-element_type=\"container\" data-e-type=\"container\">\n\t\t\t\t\t<div class=\"e-con-inner\">\n\t\t\t\t<div class=\"elementor-element elementor-element-954a929 elementor-widget__width-auto elementor-widget elementor-widget-heading\" data-id=\"954a929\" data-element_type=\"widget\" data-e-type=\"widget\" data-widget_type=\"heading.default\">\n\t\t\t\t\t<h2 class=\"elementor-heading-title elementor-size-default\">Datenschutzbestimmungen<\/h2>\t\t\t\t<\/div>\n\t\t\t\t<div class=\"elementor-element elementor-element-530c2ac9 elementor-widget__width-auto elementor-widget elementor-widget-text-editor\" data-id=\"530c2ac9\" data-element_type=\"widget\" data-e-type=\"widget\" data-widget_type=\"text-editor.default\">\n\t\t\t\t\t\t\t\t\t<p>Diese Site basiert auf\u00a0<a href=\"https:\/\/chayns.site\/www.chayns.de\" target=\"_blank\" rel=\"noopener\">chayns\u00ae<\/a>\u00a0von Tobit.Software (Tobit). chayns\u00ae ist eine Standard-Software-Plattform f\u00fcr Digitalisierung. Sie stellt alle Komponenten bereit, um auf einfache Weise digitale Anwendungen zu realisieren, Angebote zu schaffen und zu nutzen.<\/p>\t\t\t\t\t\t\t\t<\/div>\n\t\t\t\t\t<\/div>\n\t\t\t\t<\/div>\n\t\t<div class=\"elementor-element elementor-element-52c15edc e-flex e-con-boxed e-con e-parent\" data-id=\"52c15edc\" data-element_type=\"container\" data-e-type=\"container\">\n\t\t\t\t\t<div class=\"e-con-inner\">\n\t\t\t\t<div class=\"elementor-element elementor-element-27821fe2 elementor-widget elementor-widget-spacer\" data-id=\"27821fe2\" data-element_type=\"widget\" data-e-type=\"widget\" data-widget_type=\"spacer.default\">\n\t\t\t\t\t\t\t<div class=\"elementor-spacer\">\n\t\t\t<div class=\"elementor-spacer-inner\"><\/div>\n\t\t<\/div>\n\t\t\t\t\t\t<\/div>\n\t\t\t\t\t<\/div>\n\t\t\t\t<\/div>\n\t\t<div class=\"elementor-element elementor-element-7ee99e09 e-flex e-con-boxed e-con e-parent\" data-id=\"7ee99e09\" data-element_type=\"container\" data-e-type=\"container\">\n\t\t\t\t\t<div class=\"e-con-inner\">\n\t\t\t\t<div class=\"elementor-element elementor-element-12e1152e elementor-widget elementor-widget-text-editor\" data-id=\"12e1152e\" data-element_type=\"widget\" data-e-type=\"widget\" data-widget_type=\"text-editor.default\">\n\t\t\t\t\t\t\t\t\t<h3><span class=\"chayns__font-size--19px\">Abgrenzung der Verantwortung<\/span><\/h3>\n<p>Tobit ist als Hersteller von chayns\u00ae f\u00fcr die Sicherheit, Verf\u00fcgbarkeit und Funktionalit\u00e4t der Software sowie f\u00fcr die Einhaltung der Datenschutzvorgaben verantwortlich. F\u00fcr die Inhalte dieser Site ist allein der Betreiber verantwortlich.&nbsp;<\/p>\n<p>Die Nutzung von chayns unterliegt dem&nbsp;<a href=\"https:\/\/chayns.site\/nutzungsbedingungen\" target=\"_blank\" rel=\"noopener\">Nutzungsvertrag<\/a>&nbsp;f\u00fcr Standard-Software. Die Verarbeitung von Daten erfolgt ausschlie\u00dflich zur Erf\u00fcllung des Nutzungsvertrags gem\u00e4\u00df&nbsp;<a href=\"https:\/\/dsgvo-gesetz.de\/art-6-dsgvo\/\" target=\"_blank\" rel=\"noopener\">Art. 6 Abs. 1 lit. b DSGVO<\/a>. Tobit verarbeitet keine Daten im Auftrag, weshalb ein Auftragsverarbeitungsvertrag entf\u00e4llt.<\/p>\n<p>Der Betreiber ist daf\u00fcr verantwortlich, die ihm durch die Software zug\u00e4nglich gemachten pers\u00f6nlichen Daten ausschlie\u00dflich zur Erf\u00fcllung des Nutzungsvertrags gem\u00e4\u00df&nbsp;<a href=\"https:\/\/dsgvo-gesetz.de\/art-6-dsgvo\/\" target=\"_blank\" rel=\"noopener\">Art. 6 Abs. 1 lit. b DSGVO<\/a>&nbsp;zu verarbeiten. Sofern er eigene Daten erhebt, ist er f\u00fcr die rechtm\u00e4\u00dfige Verwendung und Erkl\u00e4rung verantwortlich. Eine eigene Datenschutzerkl\u00e4rung kann als Erg\u00e4nzung angeh\u00e4ngt sein. Tobit hat darauf keinen Einfluss.&nbsp;<\/p>\n<p><br><\/p>\n<h2 id=\"isPasted\"><span class=\"chayns__font-size--23px\">Datenschutzerkl\u00e4rung von Tobit<\/span><\/h2>\n<p>Die folgende Erkl\u00e4rung beschreibt, wie wir pers\u00f6nliche Daten im Sinne des Datenschutzgesetzes und der DSGVO erfassen, die bei der Nutzung von chayns sowie darauf basierenden Apps, Applications und Produkte erhoben werden.&nbsp;<\/p>\n<p>Tobit Laboratories AG<br>Emely Schlarpp (Datenschutzbeauftragte)<br>Parallelstra\u00dfe 41<br>48683 Ahaus<br>eMail: datenschutz@tobit.com<br><a href=\"https:\/\/tobit.com\/\" target=\"_blank\" rel=\"noopener\">www.tobit.com&nbsp;<\/a><\/p>\n<p><br><\/p>\n<h2><span class=\"chayns__font-size--23px\">1. Grunds\u00e4tze&nbsp;<\/span><\/h2>\n<p>Der Schutz Deiner Privatsph\u00e4re und pers\u00f6nlichen Daten ist f\u00fcr uns als Hersteller von Standard-Software, die von Millionen Menschen genutzt wird, oberstes Gebot. Deshalb haben wir uns einige Grunds\u00e4tze auferlegt:<\/p>\n<ul type=\"disc\" data-shortuuid=\"bae8a5a5\/21\">\n<li data-shortuuid=\"bae8a5a5\/22\"><strong>Datensparsamkeit<\/strong>: Wir wollen Deine pers\u00f6nlichen Daten nicht. Deshalb fordern wir nur pers\u00f6nliche Daten an, wenn sie f\u00fcr die Nutzung und Funktion unserer Software unbedingt notwendig sind.<\/li>\n<li data-shortuuid=\"bae8a5a5\/328\"><strong>Cookies<\/strong>: Wir verwenden keine Cookies, mit Ausnahme derer, die technisch unbedingt notwendig sind. Deshalb k\u00f6nnen wir auch auf Cookie-Warnings verzichten.&nbsp;<\/li>\n<li data-shortuuid=\"bae8a5a5\/331\"><strong>Eigentum<\/strong>:&nbsp;Deine pers\u00f6nlichen Daten geh\u00f6ren Dir und nur Dir und Du hast alle Rechte daran. Dazu geh\u00f6ren das Recht auf Auskunft, Berichtigung, Daten\u00fcbertragbarkeit, Einschr\u00e4nkung der Verarbeitung, Widerruf einer erteilten Einwilligung, das Recht auf Beschwerde und L\u00f6schung.<\/li>\n<li data-shortuuid=\"bae8a5a5\/23\"><strong>Vertraulichkeit<\/strong>: S\u00e4mtliche personenbezogenen Daten werden nach den geltenden Datenschutzgesetzen vertraulich behandelt. Tobit tr\u00e4gt daf\u00fcr Sorge, dass Deine Daten sicher verwahrt werden und Zugriff und Nutzung auf das Notwendigste beschr\u00e4nkt ist.<\/li>\n<li data-shortuuid=\"bae8a5a5\/343\"><strong>Transparenz und Zweckbindung<\/strong>: Wenn wir pers\u00f6nliche Angaben von Dir ben\u00f6tigen, erkl\u00e4ren wir Dir, welche und wozu sie ben\u00f6tigt werden.<\/li>\n<li data-shortuuid=\"bae8a5a5\/343\"><br><\/li>\n<\/ul>\n<h2><span class=\"chayns__font-size--23px\">2. Erfassen pers\u00f6nlicher Daten und Zwecke<\/span><\/h2>\n<p>Pers\u00f6nliche Daten fragen wir nur dann bei Dir an, wenn sie zur Erf\u00fcllung des Nutzungsvertrags erforderlich sind. Sie werden in Deiner chayns.ID, Deinem pers\u00f6nlichen Nutzer-Account, gespeichert. Wenn Du m\u00f6chtest, kannst Du weitere Daten hinterlegen und Einstellungen treffen. Auch die Aus\u00fcbung deiner oben benannten Rechte sind hier m\u00f6glich.&nbsp;<\/p>\n<p><br><\/p>\n<h3><span class=\"chayns__font-size--19px\">2.1. Anmeldung und Registrierung&nbsp;<\/span><\/h3>\n<p>Unsere Software kannst Du in der Regel anonym nutzen. F\u00fcr einige Anwendungen und Funktionen kann eine Anmeldung mit chayns.ID erforderlich sein. Damit wir Dich pers\u00f6nlich ansprechen und adressieren k\u00f6nnen, ben\u00f6tigen wir Deinen Vor- und Nachnamen sowie Deine eMail-Adresse oder Mobilnummer f\u00fcr die Zustellung des Best\u00e4tigungslinks.&nbsp;<\/p>\n<p>Du kannst Dich mit Deiner eMail-Adresse oder Mobilnummer und Kennwort oder per Single-Sign-On (SSO) anmelden. Die Nutzung eines SSO-Dienstes ist ein optionales Angebot und erm\u00f6glicht Dir eine unkomplizierte Anmeldung z.B. \u00fcber einen bereits bestehenden Account &#8211; z.B. bei Apple, Facebook oder BundID &#8211; eine chayns.ID zu erstellen. Bei der Registrierung \u00fcber SSO zeigt Dir der gew\u00e4hlte Dienst die an ihn \u00fcbermittelten Daten vorab an. Es werden nur die unbedingt erforderlichen Daten \u00fcbertragen und gespeichert. Details zur Datenverarbeitung durch die SSO-Anbieter kannst Du den jeweiligen Datenschutzerkl\u00e4rungen entnehmen, die vor der Verwendung angezeigt werden.<\/p>\n<p><br><\/p>\n<h3><span class=\"chayns__font-size--19px\">2.2. Berechtigungen in Smartphone Apps<\/span><\/h3>\n<p>Anwendungen, die als native Smartphone App verf\u00fcgbar sind, findest Du im Google Play Store und im Apple App Store, ggf. auch in weiteren Betriebssystem-unabh\u00e4ngigen App Stores. F\u00fcr die Nutzung der Stores und die Installation gelten die Datenschutzbedingungen der jeweiligen Anbieter.&nbsp;<\/p>\n<p>F\u00fcr die Nutzung bestimmter Funktionen in Apps kann die Freigabe von Berechtigungen f\u00fcr den Zugriff auf bestimmte Informationen erforderlich sein. Die App fragt das jeweils ben\u00f6tigte Recht unmittelbar vor der erstmaligen Nutzung der Funktion an. An der Stelle gibst Du auch Deine Einwilligung f\u00fcr diese spezielle Berechtigung. Deine Einwilligung ist freiwillig, jedoch u.U. Voraussetzung f\u00fcr die Nutzung der Funktion. Du kannst sie jederzeit widerrufen.<\/p>\n<p>Folgende Zugriffsrechte k\u00f6nnen durch Apps angefragt werden:<\/p>\n<ul class=\"chayns__font-size--16px\" data-shortuuid=\"bae8a5a5\/424\">\n<li class=\"chayns__font-size--16px\" data-shortuuid=\"bae8a5a5\/425\">Kamera &#8211; Zum Scannen von QR Codes oder Aufnehmen von Bildern.<\/li>\n<li class=\"chayns__font-size--16px\" data-shortuuid=\"bae8a5a5\/426\">Bilder &#8211; Zum Versenden von Fotos. Au\u00dferdem kann in chayns.ID ein Profilfoto aus dem internen Speicher hochgeladen werden.<\/li>\n<li class=\"chayns__font-size--16px\" data-shortuuid=\"bae8a5a5\/427\">Video und Audio &#8211; Zum Versenden von Videos oder Sprachdateien.<\/li>\n<li class=\"chayns__font-size--16px\" data-shortuuid=\"bae8a5a5\/428\">Bluetooth &#8211; Bspw. zum \u00d6ffnen von elektronischen Schl\u00f6ssern.<\/li>\n<li class=\"chayns__font-size--16px\" data-shortuuid=\"bae8a5a5\/429\">GPS &#8211; Zur Erkennung von Seiten oder Angeboten in der N\u00e4he.<\/li>\n<li class=\"chayns__font-size--16px\" data-shortuuid=\"bae8a5a5\/430\">Standort (ggf. genauer Standort) &#8211; Zum Teilen des eigenen Standortes \u00fcber den Chat oder zum Auffinden von Beacons, chayns-Sites und chayns Things in der N\u00e4he. Sofern Du ausdr\u00fccklich zustimmst, k\u00f6nnen Standortinformationen auch im Hintergrund genutzt werden, was das Nutzererlebnis unterst\u00fctzt. Dadurch kann der Standort \u00fcber den Chat geteilt, sowie Beacons, chayns-Sites und kompatible Ger\u00e4te in der N\u00e4he gefunden werden, auch wenn die App nicht aktiv genutzt wird.<\/li>\n<li class=\"chayns__font-size--16px\" data-shortuuid=\"bae8a5a5\/431\">Dateien &#8211; Um Dateien und Dokumente in chayns.Space und chayns.Cards herunter- und hochzuladen wird der Zugriff auf den internen Speicher ben\u00f6tigt. Au\u00dferdem k\u00f6nnen Dateien und Dokumente an eMail- und Chat-Nachrichten angeh\u00e4ngt werden.<\/li>\n<\/ul>\n<div><br><\/div>\n<h3><span class=\"chayns__font-size--19px\">2.3. Erfassung und Nutzung von Nutzungsdaten zur Verbesserung der Plattform<\/span><\/h3>\n<p>Zur Behebung von Fehlern und zur Verbesserung der Software speichern wir anonymisierte Nutzungsdaten f\u00fcr die Analyse in Protokolldateien.<\/p>\n<p><br><\/p>\n<h2><span class=\"chayns__font-size--23px\">3. Weitergabe von Daten&nbsp;<\/span><\/h2>\n<p>Deine pers\u00f6nlichen Daten sind Deine. Wir behandeln sie vertraulich unter strengen internen Zugangs- und Nutzungsberechtigungen. Wir geben Daten nur dann an Dritte weiter, wenn dies zur Vertragserf\u00fcllung unbedingt erforderlich ist, z.B. um Zahlungen oder Lieferungen abzuwickeln.&nbsp;<\/p>\n<h3><span class=\"chayns__font-size--19px\">3.1. K\u00e4ufe und Zahlungen<\/span><\/h3>\n<p>Als Nutzer kannst Du \u00fcber die Software Artikel und Services kaufen und Abonnements abschlie\u00dfen. Die Kaufabwicklung erfolgt \u00fcber die chayns Marketplace GmbH, eine 100%ige Tochtergesellschaft von Tobit Laboratories AG. Nach handelsrechtlichen Vorgaben speichern wir daf\u00fcr Bestell- und Zahlungsinformationen und l\u00f6schen sie zum Ende der Aufbewahrungsfristen. F\u00fcr die Abwicklung von Zahlungen k\u00f6nnen die Zahlungsdaten an den von Dir gew\u00e4hlten Zahlungsdienstleister (z.B. PayPal, Stripe, Banken) weitergegeben werden. Deren Datenschutzrichtlinien sind beim Zahlungsvorgang verlinkt.<\/p>\n<h3><span class=\"chayns__font-size--19px\">3.2. Integration externer Inhalte<\/span><\/h3>\n<p>Betreiber k\u00f6nnen externe Dienste wie Google Maps oder YouTube einbinden. Dabei k\u00f6nnen Drittanbieter unter Umst\u00e4nden personenbezogene Daten erheben und verarbeiten. Details zur Datenverarbeitung geben die jeweiligen Datenschutzerkl\u00e4rungen der externen Anbieter. F\u00fcr die Einbindung externer Inhalte ist der Betreiber verantwortlich.&nbsp;<\/p>\n<h3><span class=\"chayns__font-size--19px\">3.3. Integration von Social Media &nbsp;<\/span><\/h3>\n<p>chayns-Sites k\u00f6nnen mit Social Media Diensten wie Facebook, Twitter, Instagram oder YouTube verbunden werden. Bei einer Verkn\u00fcpfung wird eine technische Verbindung zwischen Tobit und den Servern des jeweiligen Social Media Dienstes hergestellt, um Inhalte zu synchronisieren oder zu teilen. Diese Komfortfunktion erm\u00f6glicht Betreibern ein Single Source-Publishing von Inhalten.<\/p>\n<p>F\u00fcr die Nutzung von Verbindungen zu Social Media Diensten ist der Betreiber verantwortlich. Er kann die Verbindung jederzeit \u00e4ndern oder entfernen.<\/p>\n<h3><span class=\"chayns__font-size--19px\">3.4. Nutzung von AI&nbsp;<\/span><\/h3>\n<p id=\"isPasted\">F\u00fcr die Nutzung von K\u00fcnstlicher Intelligenz zur Unterst\u00fctzung bei Fragen, Kreativaufgaben oder Analysen, sowie der \u00dcbernahme repetitiver Aufgaben sind Tobits Universal AI Engine SideKick\u2122 integriert.<\/p>\n<p>SideKick\u2122 erm\u00f6glicht die anonyme und DSGVO-konforme Nutzung verschiedener KI-Modelle wie Chat GPT, Claude oder Gemini. Bei der Kommunikation mit den KI-Diensten arbeitet SideKick\u2122 als Proxy und verschleiert dadurch Deine Identit\u00e4t. Durch die Named-Entity Recognition-Technologie kann SideKick\u2122 pers\u00f6nliche Daten und sch\u00fctzenswerte Informationen identifizieren und f\u00fcr die Verarbeitung durch die KI durch fiktive Daten ersetzen, so dass keine sensiblen Daten an Dritte gelangen, es sei denn Du verzichtest auf die Anonymisierung.<\/p>\n<p>Die Nutzung von SideKick\u2122 ist auf verschiedene Arten m\u00f6glich: Als interner Chat oder auch als \u00f6ffentlicher Service f\u00fcr die Website oder Telefonzentrale. &nbsp;Die Nutzung ist sowohl anonym als auch mit chayns Account m\u00f6glich. Mit Nutzung des Dienstes stimmt der Nutzer durch Versenden seiner ersten Anfrage an den KI-Agent den chayns Nutzungsbedingungen und dieser Datenschutzerkl\u00e4rung vollumf\u00e4nglich zu. &nbsp;<\/p>\n<h3><span class=\"chayns__font-size--19px\">3.5. Absicherung der Systeme<\/span><\/h3>\n<p>Zur Sicherung der Software und Systeme nutzen wir Technologien externer Dienstleister im Rahmen eines Vertrags zur Auftragsdatenverarbeitung zwischen Tobit und dem Dienstleister. Cloudflare sch\u00fctzt das Gesamtsystem vor Angriffen und St\u00f6rungen von au\u00dfen. Amazon AWS und Microsoft Azure sorgen f\u00fcr eine verteilte, dezentrale Datenspeicherung und Lastverteilung.&nbsp;<\/p>\n<p>Die Verarbeitung und Speicherung von Daten erfolgt grunds\u00e4tzlich innerhalb der EU. Sofern Informationen an Anbieter in Drittl\u00e4ndern \u00fcbermittelt werden, erfolgt dies als technische Notwendigkeit auf Grundlage des&nbsp;<a href=\"https:\/\/www.dataprivacyframework.gov\/\" target=\"_blank\" rel=\"noopener\">EU-US Data Privacy Framework<\/a>&nbsp;(DPF), das den Rechtsrahmen f\u00fcr ein angemessenes Datenschutzniveau festlegt.<\/p><p><br><\/p>\n<h2><span class=\"chayns__font-size--23px\">4. Datensicherheit und Schutzma\u00dfnahmen<\/span><\/h2>\n<p>Tobit trifft technische und organisatorische Ma\u00dfnahmen, um personenbezogene Daten vor unbeabsichtigter oder unrechtm\u00e4\u00dfiger L\u00f6schung, \u00c4nderung oder Verlust sowie vor unberechtigtem Zugriff zu sch\u00fctzen. Alle \u00fcbermittelten Daten werden durch HTTPS (HyperText Transfer Protocol Secure) verschl\u00fcsselt, um eine sichere \u00dcbertragung zu gew\u00e4hrleisten.<\/p>\n<p>Zur Sicherung der Datenverarbeitung durch Dritte hat Tobit mit allen relevanten Dienstleistern Auftragsverarbeitungsvertr\u00e4ge abgeschlossen, um ein hohes Datenschutzniveau zu gew\u00e4hrleisten.<\/p>\n<p>Dar\u00fcber hinaus kannst Du selbst zum Schutz Deiner pers\u00f6nlichen Daten beitragen, indem Du nur sichere Kennw\u00f6rter verwendest, die Zwei-Faktor-Authentifizierung aktivierst, Betriebssystem, Anwendungen und Virenschutz aktuell h\u00e4ltst und nur sichere Web-Browser nutzt.<\/p><p><br><\/p>\n<h2><span class=\"chayns__font-size--23px\">5. L\u00f6schung von Daten<\/span><\/h2>\n<p>Du kannst Deine pers\u00f6nlichen Daten jederzeit in Deiner chayns.ID einsehen, bearbeiten und zur L\u00f6schung markieren. Sofern steuer- und handelsrechtliche Aufbewahrungsfristen eine sofortige L\u00f6schung einschr\u00e4nken, erfolgt die L\u00f6schung nach Ablauf der Fristen.<\/p>\n<p>Alle Rechte sind vorbehalten. Stand: Januar 2026<\/p>\n<p><span style=\"font-family: -apple-system, BlinkMacSystemFont, 'Segoe UI', Roboto, 'Helvetica Neue', Arial, 'Noto Sans', sans-serif, 'Apple Color Emoji', 'Segoe UI Emoji', 'Segoe UI Symbol', 'Noto Color Emoji';\">Registergericht: Amtsgericht Coesfeld<\/span><\/p>\n<p>Handelsregister Nr.: HRB 3232<br>USt.-IDNR. DE812761246<\/p>\n<p>Inhaltlich Verantwortlicher:&nbsp;<br>Herbert Sandberg<br>Adenauerring 2<br>48683 Ahaus<\/p>\t\t\t\t\t\t\t\t<\/div>\n\t\t\t\t\t<\/div>\n\t\t\t\t<\/div>\n\t\t<div class=\"elementor-element elementor-element-cf50abe e-flex e-con-boxed e-con e-parent\" data-id=\"cf50abe\" data-element_type=\"container\" data-e-type=\"container\">\n\t\t\t\t\t<div class=\"e-con-inner\">\n\t\t\t\t<div class=\"elementor-element elementor-element-5646786 elementor-widget elementor-widget-spacer\" data-id=\"5646786\" data-element_type=\"widget\" data-e-type=\"widget\" data-widget_type=\"spacer.default\">\n\t\t\t\t\t\t\t<div class=\"elementor-spacer\">\n\t\t\t<div class=\"elementor-spacer-inner\"><\/div>\n\t\t<\/div>\n\t\t\t\t\t\t<\/div>\n\t\t\t\t\t<\/div>\n\t\t\t\t<\/div>\n\t\t\t\t<\/div>\n\t\t","protected":false},"excerpt":{"rendered":"<p>Datenschutzerkl\u00e4rung Datenschutzbestimmungen Diese Site basiert auf\u00a0chayns\u00ae\u00a0von Tobit.Software (Tobit). chayns\u00ae ist eine Standard-Software-Plattform f\u00fcr Digitalisierung. Sie stellt alle Komponenten bereit, um auf einfache Weise digitale Anwendungen zu realisieren, Angebote zu schaffen und zu nutzen. Abgrenzung der Verantwortung Tobit ist als Hersteller von chayns\u00ae f\u00fcr die Sicherheit, Verf\u00fcgbarkeit und Funktionalit\u00e4t der Software sowie f\u00fcr die Einhaltung der [&hellip;]<\/p>\n","protected":false},"author":1,"featured_media":0,"parent":0,"menu_order":0,"comment_status":"closed","ping_status":"closed","template":"","meta":{"footnotes":""},"class_list":["post-122","page","type-page","status-publish","hentry"],"_links":{"self":[{"href":"https:\/\/sandberg.dev-emvau.de\/index.php?rest_route=\/wp\/v2\/pages\/122","targetHints":{"allow":["GET"]}}],"collection":[{"href":"https:\/\/sandberg.dev-emvau.de\/index.php?rest_route=\/wp\/v2\/pages"}],"about":[{"href":"https:\/\/sandberg.dev-emvau.de\/index.php?rest_route=\/wp\/v2\/types\/page"}],"author":[{"embeddable":true,"href":"https:\/\/sandberg.dev-emvau.de\/index.php?rest_route=\/wp\/v2\/users\/1"}],"replies":[{"embeddable":true,"href":"https:\/\/sandberg.dev-emvau.de\/index.php?rest_route=%2Fwp%2Fv2%2Fcomments&post=122"}],"version-history":[{"count":22,"href":"https:\/\/sandberg.dev-emvau.de\/index.php?rest_route=\/wp\/v2\/pages\/122\/revisions"}],"predecessor-version":[{"id":266,"href":"https:\/\/sandberg.dev-emvau.de\/index.php?rest_route=\/wp\/v2\/pages\/122\/revisions\/266"}],"wp:attachment":[{"href":"https:\/\/sandberg.dev-emvau.de\/index.php?rest_route=%2Fwp%2Fv2%2Fmedia&parent=122"}],"curies":[{"name":"wp","href":"https:\/\/api.w.org\/{rel}","templated":true}]}}